{"id":26,"date":"2019-07-12T07:32:50","date_gmt":"2019-07-12T05:32:50","guid":{"rendered":"http:\/\/mypischool.com\/?page_id=26"},"modified":"2019-07-12T22:38:37","modified_gmt":"2019-07-12T20:38:37","slug":"accueil","status":"publish","type":"page","link":"https:\/\/mypischool.com\/","title":{"rendered":"Accueil"},"content":{"rendered":"\n<p>Ecole de piano, chant et \u00e9veil musical \u00ab\u00a0My-Pi-School\u00a0\u00bb<\/p>\n\n\n\n<p>Cours individuels et collectifs<\/p>\n\n\n\n<table><tr><td>\n<p>Myriam POMMIER, c\u2019est l\u2019histoire d\u2019une petite fille qui commence la fl\u00fbte \u00e0 bec \u00e0 6 ans, le solf\u00e8ge \u00e0 7 ans, le piano \u00e0 8 ans, l\u2019orgue \u00e0 13 ans et le chant \u00e0 15 ans. Par une approche sensible, attentionn\u00e9 et patiente, Myriam enseigne la musique aux plus petits comme aux plus grands depuis plus de 20 ans.<\/p>\n<p>Son enseignement de la m\u00e9thode M\u00e9lopie, du piano et du chant sont pour elle une vocation, plus encore une passion.<br> Venez vite d\u00e9couvrir avec elle les beaut\u00e9s que le monde musical vous r\u00e9serve\u2026<\/p>\n\n\n\n<p>A bient\u00f4t !<\/p>\n\t\n<\/td><td valign=\"top\">\n\n<img src=\"http:\/\/mypischool.com\/wp-content\/uploads\/2019\/07\/MyriamAcceuil.jpg\" alt=\"\" width=\"800\" \/><\/td><\/tr><\/table>\n","protected":false},"excerpt":{"rendered":"<p>Ecole de piano, chant et \u00e9veil musical \u00ab\u00a0My-Pi-School\u00a0\u00bb Cours individuels et collectifs Myriam POMMIER, c\u2019est l\u2019histoire d\u2019une petite fille qui commence la fl\u00fbte \u00e0 bec \u00e0 6 ans, le solf\u00e8ge \u00e0 7 ans, le piano \u00e0 8 ans, l\u2019orgue \u00e0 [&hellip;]<\/p>\n","protected":false},"author":1,"featured_media":0,"parent":0,"menu_order":0,"comment_status":"closed","ping_status":"closed","template":"","meta":[],"_links":{"self":[{"href":"https:\/\/mypischool.com\/index.php\/wp-json\/wp\/v2\/pages\/26"}],"collection":[{"href":"https:\/\/mypischool.com\/index.php\/wp-json\/wp\/v2\/pages"}],"about":[{"href":"https:\/\/mypischool.com\/index.php\/wp-json\/wp\/v2\/types\/page"}],"author":[{"embeddable":true,"href":"https:\/\/mypischool.com\/index.php\/wp-json\/wp\/v2\/users\/1"}],"replies":[{"embeddable":true,"href":"https:\/\/mypischool.com\/index.php\/wp-json\/wp\/v2\/comments?post=26"}],"version-history":[{"count":10,"href":"https:\/\/mypischool.com\/index.php\/wp-json\/wp\/v2\/pages\/26\/revisions"}],"predecessor-version":[{"id":61,"href":"https:\/\/mypischool.com\/index.php\/wp-json\/wp\/v2\/pages\/26\/revisions\/61"}],"wp:attachment":[{"href":"https:\/\/mypischool.com\/index.php\/wp-json\/wp\/v2\/media?parent=26"}],"curies":[{"name":"wp","href":"https:\/\/api.w.org\/{rel}","templated":true}]}}