{"id":19,"date":"2019-07-12T07:22:32","date_gmt":"2019-07-12T05:22:32","guid":{"rendered":"http:\/\/mypischool.com\/?page_id=19"},"modified":"2020-06-01T10:43:19","modified_gmt":"2020-06-01T08:43:19","slug":"piano","status":"publish","type":"page","link":"https:\/\/mypischool.com\/index.php\/piano\/","title":{"rendered":"Piano"},"content":{"rendered":"\n<p>Cours de piano pour enfants et adultes<\/p>\n\n\n\n<figure class=\"wp-block-image is-resized\"><img loading=\"lazy\" src=\"http:\/\/mypischool.com\/wp-content\/uploads\/2019\/07\/black-and-white-music-piano-258965-1024x575.jpg\" alt=\"\" class=\"wp-image-31\" width=\"1250\" height=\"701\" srcset=\"https:\/\/mypischool.com\/wp-content\/uploads\/2019\/07\/black-and-white-music-piano-258965-1024x575.jpg 1024w, https:\/\/mypischool.com\/wp-content\/uploads\/2019\/07\/black-and-white-music-piano-258965-300x169.jpg 300w, https:\/\/mypischool.com\/wp-content\/uploads\/2019\/07\/black-and-white-music-piano-258965-768x431.jpg 768w\" sizes=\"(max-width: 1250px) 100vw, 1250px\" \/><\/figure>\n\n\n\n<p>Nous abordons ensemble tous les styles, du classique au jazz en passant par la vari\u00e9t\u00e9 et les musiques de film selon les go\u00fbts de l&rsquo;\u00e9l\u00e8ve ou l&rsquo;\u00e9tudiant. <\/p>\n\n\n\n<p>Chacun re\u00e7oit un enseignement adapt\u00e9 \u00e0 son rythme de travail et ses besoins.<\/p>\n\n\n\n<p><\/p>\n","protected":false},"excerpt":{"rendered":"<p>Cours de piano pour enfants et adultes Nous abordons ensemble tous les styles, du classique au jazz en passant par la vari\u00e9t\u00e9 et les musiques de film selon les go\u00fbts de l&rsquo;\u00e9l\u00e8ve ou l&rsquo;\u00e9tudiant. Chacun re\u00e7oit un enseignement adapt\u00e9 \u00e0 [&hellip;]<\/p>\n","protected":false},"author":1,"featured_media":0,"parent":0,"menu_order":0,"comment_status":"closed","ping_status":"closed","template":"","meta":[],"_links":{"self":[{"href":"https:\/\/mypischool.com\/index.php\/wp-json\/wp\/v2\/pages\/19"}],"collection":[{"href":"https:\/\/mypischool.com\/index.php\/wp-json\/wp\/v2\/pages"}],"about":[{"href":"https:\/\/mypischool.com\/index.php\/wp-json\/wp\/v2\/types\/page"}],"author":[{"embeddable":true,"href":"https:\/\/mypischool.com\/index.php\/wp-json\/wp\/v2\/users\/1"}],"replies":[{"embeddable":true,"href":"https:\/\/mypischool.com\/index.php\/wp-json\/wp\/v2\/comments?post=19"}],"version-history":[{"count":8,"href":"https:\/\/mypischool.com\/index.php\/wp-json\/wp\/v2\/pages\/19\/revisions"}],"predecessor-version":[{"id":68,"href":"https:\/\/mypischool.com\/index.php\/wp-json\/wp\/v2\/pages\/19\/revisions\/68"}],"wp:attachment":[{"href":"https:\/\/mypischool.com\/index.php\/wp-json\/wp\/v2\/media?parent=19"}],"curies":[{"name":"wp","href":"https:\/\/api.w.org\/{rel}","templated":true}]}}